


{"id":10562,"date":"2023-05-02T13:49:11","date_gmt":"2023-05-02T09:49:11","guid":{"rendered":"https:\/\/krisp.ai\/transcricao-de-reunioes\/"},"modified":"2024-11-05T02:11:50","modified_gmt":"2024-11-04T22:11:50","slug":"meeting-transcription","status":"publish","type":"page","link":"https:\/\/krisp.ai\/pt-pt\/meeting-transcription\/","title":{"rendered":"Transcri\u00e7\u00e3o de reuni\u00f5es"},"content":{"rendered":"","protected":false},"excerpt":{"rendered":"","protected":false},"author":12,"featured_media":0,"parent":0,"menu_order":0,"comment_status":"closed","ping_status":"closed","template":"page-meeting-transcription.php","meta":{"_acf_changed":false,"two_page_speed":[],"footnotes":""},"class_list":["post-10562","page","type-page","status-publish","hentry"],"acf":[],"_links":{"self":[{"href":"https:\/\/krisp.ai\/pt-pt\/wp-json\/wp\/v2\/pages\/10562","targetHints":{"allow":["GET"]}}],"collection":[{"href":"https:\/\/krisp.ai\/pt-pt\/wp-json\/wp\/v2\/pages"}],"about":[{"href":"https:\/\/krisp.ai\/pt-pt\/wp-json\/wp\/v2\/types\/page"}],"author":[{"embeddable":true,"href":"https:\/\/krisp.ai\/pt-pt\/wp-json\/wp\/v2\/users\/12"}],"replies":[{"embeddable":true,"href":"https:\/\/krisp.ai\/pt-pt\/wp-json\/wp\/v2\/comments?post=10562"}],"version-history":[{"count":0,"href":"https:\/\/krisp.ai\/pt-pt\/wp-json\/wp\/v2\/pages\/10562\/revisions"}],"wp:attachment":[{"href":"https:\/\/krisp.ai\/pt-pt\/wp-json\/wp\/v2\/media?parent=10562"}],"curies":[{"name":"wp","href":"https:\/\/api.w.org\/{rel}","templated":true}]}}